{"id":3,"date":"2025-08-06T17:52:43","date_gmt":"2025-08-06T15:52:43","guid":{"rendered":"https:\/\/je-mm.eu\/?page_id=3"},"modified":"2025-11-25T15:43:28","modified_gmt":"2025-11-25T14:43:28","slug":"politique-de-confidentialite","status":"publish","type":"page","link":"https:\/\/je-mm.eu\/fr\/privacy-policy\/","title":{"rendered":"Politique de confidentialit\u00e9"},"content":{"rendered":"<p><strong>Qui sommes-nous ?<\/strong><\/p>\r\n<p>L'adresse de notre site web est la suivante : https:\/\/je-mm.eu<\/p>\r\n<p><strong>Les m\u00e9dias<\/strong><\/p>\r\n<p>Si vous t\u00e9l\u00e9chargez des images sur le site, nous vous conseillons d'\u00e9viter de t\u00e9l\u00e9charger des images contenant des donn\u00e9es EXIF GPS. Les visiteurs de votre site peuvent t\u00e9l\u00e9charger et extraire des donn\u00e9es de localisation \u00e0 partir de ces images.<\/p>\r\n<p><strong>Cookies<\/strong><\/p>\r\n<p>Si vous laissez un commentaire sur notre site, vous pouvez choisir d'enregistrer votre nom, votre adresse \u00e9lectronique et votre site web dans des cookies. Cela vous permet de ne pas avoir \u00e0 saisir \u00e0 nouveau ces informations lorsque vous laissez un autre commentaire ult\u00e9rieurement. Ces cookies expirent au bout d'un an.<\/p>\r\n<p>Si vous visitez la page de connexion, un cookie temporaire sera install\u00e9 pour d\u00e9terminer si votre navigateur accepte les cookies. Il ne contient aucune donn\u00e9e personnelle et est supprim\u00e9 lorsque vous fermez votre navigateur.<\/p>\r\n<p>Lorsque vous vous connectez, nous installons plusieurs cookies pour enregistrer vos informations de connexion et vos pr\u00e9f\u00e9rences d'affichage. Les cookies de connexion ont une dur\u00e9e de vie de deux jours et les cookies d'options d'\u00e9cran ont une dur\u00e9e de vie d'un an. Si vous s\u00e9lectionnez \u201cSe souvenir de moi\u201d, votre cookie de connexion sera conserv\u00e9 pendant deux semaines. Si vous vous d\u00e9connectez de votre compte, le cookie de connexion sera supprim\u00e9.<\/p>\r\n<p>Lorsque vous modifiez ou publiez un article, un cookie suppl\u00e9mentaire est enregistr\u00e9 dans votre navigateur. Ce cookie ne contient aucune donn\u00e9e personnelle. Il indique simplement l'identifiant du message que vous venez de modifier. Il expire au bout d'un jour.<\/p>\r\n<p><strong>Contenu int\u00e9gr\u00e9 d'autres sites web<\/strong><\/p>\r\n<p>Les articles de ce site peuvent contenir du contenu int\u00e9gr\u00e9 (par exemple, des vid\u00e9os, des images, des articles...). Le contenu int\u00e9gr\u00e9 provenant d'autres sites web se comporte de la m\u00eame mani\u00e8re que si le visiteur se rendait sur l'autre site web.<\/p>\r\n<p>Ces sites web peuvent collecter des donn\u00e9es vous concernant, utiliser des cookies, int\u00e9grer des outils de suivi de tiers et surveiller vos interactions avec le contenu int\u00e9gr\u00e9 si vous disposez d'un compte et \u00eates connect\u00e9 \u00e0 leur site web.<\/p>\r\n<p><strong>Utilisation et transmission de vos donn\u00e9es personnelles<\/strong><\/p>\r\n<p>Si vous demandez une r\u00e9initialisation de votre mot de passe, votre adresse IP sera incluse dans l'e-mail de r\u00e9initialisation.<\/p>\r\n<p><strong>P\u00e9riodes de conservation des donn\u00e9es<\/strong><\/p>\r\n<p>Si vous laissez un commentaire, celui-ci et ses m\u00e9tadonn\u00e9es sont conserv\u00e9s ind\u00e9finiment. Cela permet aux futurs commentaires d'\u00eatre reconnus et approuv\u00e9s automatiquement au lieu d'\u00eatre mis en attente de mod\u00e9ration.<\/p>\r\n<p>Pour les comptes qui s'inscrivent sur notre site (le cas \u00e9ch\u00e9ant), nous stockons \u00e9galement les donn\u00e9es personnelles fournies dans leur profil. Tous les comptes peuvent consulter, modifier ou supprimer leurs informations personnelles \u00e0 tout moment (\u00e0 l'exception de leur nom d'utilisateur). Les administrateurs du site peuvent \u00e9galement consulter et modifier ces informations.<\/p>\r\n<p><strong>Vos droits sur vos donn\u00e9es<\/strong><\/p>\r\n<p>Si vous avez un compte ou si vous avez laiss\u00e9 des commentaires sur le site, vous pouvez demander un fichier contenant toutes les donn\u00e9es personnelles que nous d\u00e9tenons \u00e0 votre sujet, y compris toutes les informations que vous nous avez fournies. Vous pouvez \u00e9galement demander la suppression de vos donn\u00e9es personnelles. Cela n'inclut pas les donn\u00e9es que nous sommes tenus de conserver \u00e0 des fins administratives, juridiques ou de s\u00e9curit\u00e9.<\/p>\r\n<p><strong>O\u00f9 sont envoy\u00e9es vos donn\u00e9es<\/strong><\/p>\r\n<p>Les commentaires des visiteurs peuvent \u00eatre v\u00e9rifi\u00e9s par un service automatis\u00e9 de d\u00e9tection des spams.<\/p>","protected":false},"excerpt":{"rendered":"<p>Who We Are The address of our website is: https:\/\/je-mm.eu Media If you upload images to the site, we advise you to avoid uploading images containing GPS EXIF data. Visitors to your site can download and extract location data from these images. Cookies If you leave a comment on our site, you may choose to&#8230;<\/p>","protected":false},"author":1,"featured_media":0,"parent":0,"menu_order":7,"comment_status":"closed","ping_status":"closed","template":"","meta":{"_seopress_robots_primary_cat":"","_seopress_titles_title":"","_seopress_titles_desc":"","_seopress_robots_index":"yes","footnotes":""},"class_list":["post-3","page","type-page","status-publish","hentry"],"_links":{"self":[{"href":"https:\/\/je-mm.eu\/fr\/wp-json\/wp\/v2\/pages\/3","targetHints":{"allow":["GET"]}}],"collection":[{"href":"https:\/\/je-mm.eu\/fr\/wp-json\/wp\/v2\/pages"}],"about":[{"href":"https:\/\/je-mm.eu\/fr\/wp-json\/wp\/v2\/types\/page"}],"author":[{"embeddable":true,"href":"https:\/\/je-mm.eu\/fr\/wp-json\/wp\/v2\/users\/1"}],"replies":[{"embeddable":true,"href":"https:\/\/je-mm.eu\/fr\/wp-json\/wp\/v2\/comments?post=3"}],"version-history":[{"count":5,"href":"https:\/\/je-mm.eu\/fr\/wp-json\/wp\/v2\/pages\/3\/revisions"}],"predecessor-version":[{"id":12749,"href":"https:\/\/je-mm.eu\/fr\/wp-json\/wp\/v2\/pages\/3\/revisions\/12749"}],"wp:attachment":[{"href":"https:\/\/je-mm.eu\/fr\/wp-json\/wp\/v2\/media?parent=3"}],"curies":[{"name":"wp","href":"https:\/\/api.w.org\/{rel}","templated":true}]}}