{"id":11236,"date":"2025-09-03T17:44:21","date_gmt":"2025-09-03T15:44:21","guid":{"rendered":"https:\/\/je-mm.eu\/?page_id=11236"},"modified":"2025-10-30T17:07:58","modified_gmt":"2025-10-30T16:07:58","slug":"innovations-en-matiere-de-corrosion","status":"publish","type":"page","link":"https:\/\/je-mm.eu\/fr\/jemms-partners\/corrosion-innovations\/","title":{"rendered":"Corrosion Innovations"},"content":{"rendered":"<div data-elementor-type=\"wp-page\" data-elementor-id=\"11236\" class=\"elementor elementor-11236\">\n\t\t\t\t<div class=\"elementor-element elementor-element-d704d94 e-flex e-con-boxed rt-default-class e-con e-parent\" data-id=\"d704d94\" data-element_type=\"container\">\n\t\t\t\t\t<div class=\"e-con-inner\">\n\t\t\t\t<div class=\"elementor-element elementor-element-183f326 rt-default-class elementor-widget elementor-widget-heading\" data-id=\"183f326\" data-element_type=\"widget\" data-widget_type=\"heading.default\">\n\t\t\t\t\t<h1 class=\"elementor-heading-title elementor-size-default\">Corrosion Innovations<\/h1>\t\t\t\t<\/div>\n\t\t\t\t\t<\/div>\n\t\t\t\t<\/div>\n\t\t<div class=\"elementor-element elementor-element-6310049 elementor-hidden-desktop elementor-hidden-tablet elementor-hidden-mobile e-flex e-con-boxed rt-default-class e-con e-parent\" data-id=\"6310049\" data-element_type=\"container\">\n\t\t\t\t\t<div class=\"e-con-inner\">\n\t\t\t\t<div class=\"elementor-element elementor-element-1fdc606 rt-default-class elementor-widget elementor-widget-heading\" data-id=\"1fdc606\" data-element_type=\"widget\" data-widget_type=\"heading.default\">\n\t\t\t\t\t<h2 class=\"elementor-heading-title elementor-size-default\">Sous-titre<\/h2>\t\t\t\t<\/div>\n\t\t\t\t\t<\/div>\n\t\t\t\t<\/div>\n\t\t<div class=\"elementor-element elementor-element-13787481 e-con-full e-flex rt-default-class e-con e-parent\" data-id=\"13787481\" data-element_type=\"container\">\n\t\t\t\t<div class=\"elementor-element elementor-element-4c9dcc35 rt-default-class elementor-widget elementor-widget-image\" data-id=\"4c9dcc35\" data-element_type=\"widget\" data-widget_type=\"image.default\">\n\t\t\t\t\t\t\t\t\t\t\t\t\t\t\t<img decoding=\"async\" src=\"https:\/\/je-mm.eu\/wp-content\/uploads\/elementor\/thumbs\/corrosion-inhibitors-03-rd4ttm12niwrdyzglb8oognq26wyuuuscyzxytmhnq.jpg\" title=\"inhibiteurs de corrosion 03.jpg\" alt=\"inhibiteurs de corrosion 03.jpg\" loading=\"lazy\" \/>\t\t\t\t\t\t\t\t\t\t\t\t\t\t\t<\/div>\n\t\t\t\t<\/div>\n\t\t<div class=\"elementor-element elementor-element-4628172e e-con-full e-flex rt-default-class e-con e-parent\" data-id=\"4628172e\" data-element_type=\"container\">\n\t\t\t\t<div class=\"elementor-element elementor-element-5ed4a426 rt-default-class elementor-widget elementor-widget-image\" data-id=\"5ed4a426\" data-element_type=\"widget\" data-widget_type=\"image.default\">\n\t\t\t\t\t\t\t\t\t\t\t\t\t\t\t<img decoding=\"async\" src=\"https:\/\/je-mm.eu\/wp-content\/uploads\/elementor\/thumbs\/logo-corrosion-innovations-xs-e1760265885635-rd3fhqcfeip7ystgys0egk2cg5hna3xu0bsl5jlbrk.png\" title=\"logo corrosion innovations xs\" alt=\"logo corrosion innovations\" loading=\"lazy\" \/>\t\t\t\t\t\t\t\t\t\t\t\t\t\t\t<\/div>\n\t\t\t\t<\/div>\n\t\t<div class=\"elementor-element elementor-element-347aa68 e-con-full e-flex rt-default-class e-con e-parent\" data-id=\"347aa68\" data-element_type=\"container\">\n\t\t<div class=\"elementor-element elementor-element-69ec6fc9 e-con-full e-flex rt-default-class e-con e-child\" data-id=\"69ec6fc9\" data-element_type=\"container\">\n\t\t\t\t<div class=\"elementor-element elementor-element-3e2cc204 rt-default-class elementor-widget elementor-widget-heading\" data-id=\"3e2cc204\" data-element_type=\"widget\" data-widget_type=\"heading.default\">\n\t\t\t\t\t<h4 class=\"elementor-heading-title elementor-size-default\">Remodeler la pr\u00e9vention de la corrosion<\/h4>\t\t\t\t<\/div>\n\t\t\t\t<div class=\"elementor-element elementor-element-40cfda7 rt-default-class elementor-widget elementor-widget-text-editor\" data-id=\"40cfda7\" data-element_type=\"widget\" data-widget_type=\"text-editor.default\">\n\t\t\t\t\t\t\t\t\t<p>Corrosion Innovations remod\u00e8le et red\u00e9finit l'industrie de la pr\u00e9vention de la corrosion avec des solutions de pointe pour la pr\u00e9paration et la protection des substrats.<br \/>D\u00e9di\u00e9e \u00e0 l'am\u00e9lioration de l'int\u00e9grit\u00e9 et de la maintenance des actifs dans toute une s\u00e9rie de secteurs industriels, l'entreprise fournit des produits de pr\u00e9paration de surface et des kits d'essai innovants, con\u00e7us pour offrir des performances et une fiabilit\u00e9 sup\u00e9rieures en mati\u00e8re de rev\u00eatements.<br \/>Sa suite comprend les kits de test ChlorRid\u2122, Corr-Ze\u2122, HoldTight\u00ae et ChlorRid\u2122 - chacun con\u00e7u pour soutenir des r\u00e9sultats coh\u00e9rents et de haute qualit\u00e9 dans des environnements exigeants.<\/p>\t\t\t\t\t\t\t\t<\/div>\n\t\t\t\t<div class=\"elementor-element elementor-element-1ddc340f rt-default-class elementor-widget elementor-widget-heading\" data-id=\"1ddc340f\" data-element_type=\"widget\" data-widget_type=\"heading.default\">\n\t\t\t\t\t<h4 class=\"elementor-heading-title elementor-size-default\">Points forts<\/h4>\t\t\t\t<\/div>\n\t\t\t\t<div class=\"elementor-element elementor-element-2602f6b elementor-icon-list--layout-traditional elementor-list-item-link-full_width rt-default-class elementor-widget elementor-widget-icon-list\" data-id=\"2602f6b\" data-element_type=\"widget\" data-widget_type=\"icon-list.default\">\n\t\t\t\t\t\t\t<ul class=\"elementor-icon-list-items\">\n\t\t\t\t\t\t\t<li class=\"elementor-icon-list-item\">\n\t\t\t\t\t\t\t\t\t\t\t<span class=\"elementor-icon-list-icon\">\n\t\t\t\t\t\t\t<svg aria-hidden=\"true\" class=\"e-font-icon-svg e-far-check-circle\" viewbox=\"0 0 512 512\" xmlns=\"http:\/\/www.w3.org\/2000\/svg\"><path d=\"M256 8C119.033 8 8 119.033 8 256s111.033 248 248 248 248-111.033 248-248S392.967 8 256 8zm0 48c110.532 0 200 89.451 200 200 0 110.532-89.451 200-200 200-110.532 0-200-89.451-200-200 0-110.532 89.451-200 200-200m140.204 130.267l-22.536-22.718c-4.667-4.705-12.265-4.736-16.97-.068L215.346 303.697l-59.792-60.277c-4.667-4.705-12.265-4.736-16.97-.069l-22.719 22.536c-4.705 4.667-4.736 12.265-.068 16.971l90.781 91.516c4.667 4.705 12.265 4.736 16.97.068l172.589-171.204c4.704-4.668 4.734-12.266.067-16.971z\"><\/path><\/svg>\t\t\t\t\t\t<\/span>\n\t\t\t\t\t\t\t\t\t\t<span class=\"elementor-icon-list-text\">Portefeuille complet pour la pr\u00e9paration et la v\u00e9rification des substrats : kits de test ChlorRid\u2122, Corr-Ze\u2122, HoldTight\u00ae et ChlorRid\u2122.<\/span>\n\t\t\t\t\t\t\t\t\t<\/li>\n\t\t\t\t\t\t\t\t<li class=\"elementor-icon-list-item\">\n\t\t\t\t\t\t\t\t\t\t\t<span class=\"elementor-icon-list-icon\">\n\t\t\t\t\t\t\t<svg aria-hidden=\"true\" class=\"e-font-icon-svg e-far-check-circle\" viewbox=\"0 0 512 512\" xmlns=\"http:\/\/www.w3.org\/2000\/svg\"><path d=\"M256 8C119.033 8 8 119.033 8 256s111.033 248 248 248 248-111.033 248-248S392.967 8 256 8zm0 48c110.532 0 200 89.451 200 200 0 110.532-89.451 200-200 200-110.532 0-200-89.451-200-200 0-110.532 89.451-200 200-200m140.204 130.267l-22.536-22.718c-4.667-4.705-12.265-4.736-16.97-.068L215.346 303.697l-59.792-60.277c-4.667-4.705-12.265-4.736-16.97-.069l-22.719 22.536c-4.705 4.667-4.736 12.265-.068 16.971l90.781 91.516c4.667 4.705 12.265 4.736 16.97.068l172.589-171.204c4.704-4.668 4.734-12.266.067-16.971z\"><\/path><\/svg>\t\t\t\t\t\t<\/span>\n\t\t\t\t\t\t\t\t\t\t<span class=\"elementor-icon-list-text\">L'accent est mis sur l'int\u00e9grit\u00e9 et la maintenance des actifs dans divers secteurs industriels.<\/span>\n\t\t\t\t\t\t\t\t\t<\/li>\n\t\t\t\t\t\t\t\t<li class=\"elementor-icon-list-item\">\n\t\t\t\t\t\t\t\t\t\t\t<span class=\"elementor-icon-list-icon\">\n\t\t\t\t\t\t\t<svg aria-hidden=\"true\" class=\"e-font-icon-svg e-far-check-circle\" viewbox=\"0 0 512 512\" xmlns=\"http:\/\/www.w3.org\/2000\/svg\"><path d=\"M256 8C119.033 8 8 119.033 8 256s111.033 248 248 248 248-111.033 248-248S392.967 8 256 8zm0 48c110.532 0 200 89.451 200 200 0 110.532-89.451 200-200 200-110.532 0-200-89.451-200-200 0-110.532 89.451-200 200-200m140.204 130.267l-22.536-22.718c-4.667-4.705-12.265-4.736-16.97-.068L215.346 303.697l-59.792-60.277c-4.667-4.705-12.265-4.736-16.97-.069l-22.719 22.536c-4.705 4.667-4.736 12.265-.068 16.971l90.781 91.516c4.667 4.705 12.265 4.736 16.97.068l172.589-171.204c4.704-4.668 4.734-12.266.067-16.971z\"><\/path><\/svg>\t\t\t\t\t\t<\/span>\n\t\t\t\t\t\t\t\t\t\t<span class=\"elementor-icon-list-text\">Des performances coh\u00e9rentes et fiables visant \u00e0 am\u00e9liorer les r\u00e9sultats des rev\u00eatements<\/span>\n\t\t\t\t\t\t\t\t\t<\/li>\n\t\t\t\t\t\t<\/ul>\n\t\t\t\t\t\t<\/div>\n\t\t\t\t<div class=\"elementor-element elementor-element-c25044c rt-default-class elementor-widget elementor-widget-spacer\" data-id=\"c25044c\" data-element_type=\"widget\" data-widget_type=\"spacer.default\">\n\t\t\t\t\t\t\t<div class=\"elementor-spacer\">\n\t\t\t<div class=\"elementor-spacer-inner\"><\/div>\n\t\t<\/div>\n\t\t\t\t\t\t<\/div>\n\t\t\t\t<div class=\"elementor-element elementor-element-2305829 elementor-widget__width-initial elementor-widget-mobile__width-initial rt-default-class elementor-widget elementor-widget-react-button\" data-id=\"2305829\" data-element_type=\"widget\" data-widget_type=\"react-button.default\">\n\t\t\t\t<div class=\"elementor-widget-container\">\n\t\t\t\t\t\t\r\n\t\t\t\t\t<div class=\"react-button primary_btn\">\r\n\t\t\t\t\t\t\t\t<a class=\"react_button\" href=\"https:\/\/www.corrinnovations.com\/\" target=\"_blank\">\t\t\t\t\r\n\t\t\t\t\r\n\t\t\t\t   \t\r\n\r\n\t\t\t\t<span class=\"btn_text\">Visiter le site web<\/span>\r\n\r\n\t\t\t\t\t\t\t\t\t\t\t\t\t\t\t\r\n\t\t\t\t\t\t\t\t\t<\/a>\r\n\t\t\t<\/div>\r\n\t\t\r\n\t\t\t\t\t<\/div>\n\t\t\t\t<\/div>\n\t\t\t\t<\/div>\n\t\t<div class=\"elementor-element elementor-element-1a3676fe e-con-full e-flex rt-default-class e-con e-child\" data-id=\"1a3676fe\" data-element_type=\"container\">\n\t\t<div class=\"elementor-element elementor-element-49b784e e-con-full e-flex rt-default-class e-con e-child\" data-id=\"49b784e\" data-element_type=\"container\">\n\t\t\t\t<div class=\"elementor-element elementor-element-e08b49d rt-default-class elementor-widget elementor-widget-image\" data-id=\"e08b49d\" data-element_type=\"widget\" data-widget_type=\"image.default\">\n\t\t\t\t\t\t\t\t\t\t\t\t\t\t\t\t<a href=\"https:\/\/je-mm.eu\/wp-content\/uploads\/2025\/10\/reshaping-corrosion-prevention.jpg\" data-elementor-open-lightbox=\"yes\" data-elementor-lightbox-title=\"reshaping corrosion prevention\" data-e-action-hash=\"#elementor-action%3Aaction%3Dlightbox%26settings%3DeyJpZCI6MTE5MDYsInVybCI6Imh0dHBzOlwvXC9qZS1tbS5ldVwvd3AtY29udGVudFwvdXBsb2Fkc1wvMjAyNVwvMTBcL3Jlc2hhcGluZy1jb3Jyb3Npb24tcHJldmVudGlvbi5qcGcifQ%3D%3D\">\n\t\t\t\t\t\t\t<img fetchpriority=\"high\" decoding=\"async\" width=\"640\" height=\"480\" src=\"https:\/\/je-mm.eu\/wp-content\/uploads\/2025\/10\/reshaping-corrosion-prevention-1024x768.jpg\" class=\"attachment-large size-large wp-image-11906\" alt=\"remodeler la pr\u00e9vention de la corrosion\" srcset=\"https:\/\/je-mm.eu\/wp-content\/uploads\/2025\/10\/reshaping-corrosion-prevention-1024x768.jpg 1024w, https:\/\/je-mm.eu\/wp-content\/uploads\/2025\/10\/reshaping-corrosion-prevention-300x225.jpg 300w, https:\/\/je-mm.eu\/wp-content\/uploads\/2025\/10\/reshaping-corrosion-prevention-768x576.jpg 768w, https:\/\/je-mm.eu\/wp-content\/uploads\/2025\/10\/reshaping-corrosion-prevention-16x12.jpg 16w, https:\/\/je-mm.eu\/wp-content\/uploads\/2025\/10\/reshaping-corrosion-prevention.jpg 1200w\" sizes=\"(max-width: 640px) 100vw, 640px\" \/>\t\t\t\t\t\t\t\t<\/a>\n\t\t\t\t\t\t\t\t\t\t\t\t\t\t\t<\/div>\n\t\t\t\t<\/div>\n\t\t<div class=\"elementor-element elementor-element-29045b3e e-con-full elementor-hidden-desktop elementor-hidden-tablet elementor-hidden-mobile e-flex rt-default-class e-con e-child\" data-id=\"29045b3e\" data-element_type=\"container\">\n\t\t\t\t<div class=\"elementor-element elementor-element-3245b3be rt-default-class elementor-widget elementor-widget-text-editor\" data-id=\"3245b3be\" data-element_type=\"widget\" data-widget_type=\"text-editor.default\">\n\t\t\t\t\t\t\t\t\t<p>Lorem ipsum dolor sit amet, consectetur adipiscing elit. Ut elit tellus, luctus nec ullamcorper mattis, pulvinar dapibus leo.<\/p>\t\t\t\t\t\t\t\t<\/div>\n\t\t\t\t<\/div>\n\t\t\t\t<\/div>\n\t\t\t\t<\/div>\n\t\t\t\t<\/div>","protected":false},"excerpt":{"rendered":"<p>Corrosion Innovations Subtitle Reshaping Corrosion Prevention Corrosion Innovations is reshaping and redefining the corrosion-prevention industry with leading solutions for substrate preparation and protection.Dedicated to advancing asset integrity and maintenance across a range of industrial sectors, the company delivers innovative surface preparation products and test kits engineered for superior coating performance and reliability.Its suite includes ChlorRid\u2122,&#8230;<\/p>","protected":false},"author":1,"featured_media":0,"parent":10828,"menu_order":3,"comment_status":"closed","ping_status":"closed","template":"","meta":{"_seopress_robots_primary_cat":"","_seopress_titles_title":"","_seopress_titles_desc":"","_seopress_robots_index":"","footnotes":""},"class_list":["post-11236","page","type-page","status-publish","hentry"],"_links":{"self":[{"href":"https:\/\/je-mm.eu\/fr\/wp-json\/wp\/v2\/pages\/11236","targetHints":{"allow":["GET"]}}],"collection":[{"href":"https:\/\/je-mm.eu\/fr\/wp-json\/wp\/v2\/pages"}],"about":[{"href":"https:\/\/je-mm.eu\/fr\/wp-json\/wp\/v2\/types\/page"}],"author":[{"embeddable":true,"href":"https:\/\/je-mm.eu\/fr\/wp-json\/wp\/v2\/users\/1"}],"replies":[{"embeddable":true,"href":"https:\/\/je-mm.eu\/fr\/wp-json\/wp\/v2\/comments?post=11236"}],"version-history":[{"count":74,"href":"https:\/\/je-mm.eu\/fr\/wp-json\/wp\/v2\/pages\/11236\/revisions"}],"predecessor-version":[{"id":12168,"href":"https:\/\/je-mm.eu\/fr\/wp-json\/wp\/v2\/pages\/11236\/revisions\/12168"}],"up":[{"embeddable":true,"href":"https:\/\/je-mm.eu\/fr\/wp-json\/wp\/v2\/pages\/10828"}],"wp:attachment":[{"href":"https:\/\/je-mm.eu\/fr\/wp-json\/wp\/v2\/media?parent=11236"}],"curies":[{"name":"wp","href":"https:\/\/api.w.org\/{rel}","templated":true}]}}