{"id":11227,"date":"2025-09-03T17:41:57","date_gmt":"2025-09-03T15:41:57","guid":{"rendered":"https:\/\/je-mm.eu\/?page_id=11227"},"modified":"2025-11-15T18:16:54","modified_gmt":"2025-11-15T17:16:54","slug":"3x-ingenierie","status":"publish","type":"page","link":"https:\/\/je-mm.eu\/fr\/jemms-partners\/3x-engineering\/","title":{"rendered":"3X Engineering"},"content":{"rendered":"<div data-elementor-type=\"wp-page\" data-elementor-id=\"11227\" class=\"elementor elementor-11227\">\n\t\t\t\t<div class=\"elementor-element elementor-element-d717206 e-flex e-con-boxed rt-default-class e-con e-parent\" data-id=\"d717206\" data-element_type=\"container\">\n\t\t\t\t\t<div class=\"e-con-inner\">\n\t\t\t\t<div class=\"elementor-element elementor-element-1af4119b rt-default-class elementor-widget elementor-widget-heading\" data-id=\"1af4119b\" data-element_type=\"widget\" data-widget_type=\"heading.default\">\n\t\t\t\t\t<h1 class=\"elementor-heading-title elementor-size-default\">3 X Engineering<\/h1>\t\t\t\t<\/div>\n\t\t\t\t\t<\/div>\n\t\t\t\t<\/div>\n\t\t<div class=\"elementor-element elementor-element-2046311c elementor-hidden-desktop elementor-hidden-tablet elementor-hidden-mobile e-flex e-con-boxed rt-default-class e-con e-parent\" data-id=\"2046311c\" data-element_type=\"container\">\n\t\t\t\t\t<div class=\"e-con-inner\">\n\t\t\t\t<div class=\"elementor-element elementor-element-cb0fb18 rt-default-class elementor-widget elementor-widget-heading\" data-id=\"cb0fb18\" data-element_type=\"widget\" data-widget_type=\"heading.default\">\n\t\t\t\t\t<h2 class=\"elementor-heading-title elementor-size-default\">Sous-titre<\/h2>\t\t\t\t<\/div>\n\t\t\t\t\t<\/div>\n\t\t\t\t<\/div>\n\t\t<div class=\"elementor-element elementor-element-7b14377b e-con-full e-flex rt-default-class e-con e-parent\" data-id=\"7b14377b\" data-element_type=\"container\">\n\t\t\t\t<div class=\"elementor-element elementor-element-ff09119 rt-default-class elementor-widget elementor-widget-image\" data-id=\"ff09119\" data-element_type=\"widget\" data-widget_type=\"image.default\">\n\t\t\t\t\t\t\t\t\t\t\t\t\t\t\t<img fetchpriority=\"high\" decoding=\"async\" width=\"1394\" height=\"599\" src=\"https:\/\/je-mm.eu\/wp-content\/uploads\/2025\/10\/corporate-2.png\" class=\"attachment-full size-full wp-image-11368\" alt=\"entreprises (2)\" srcset=\"https:\/\/je-mm.eu\/wp-content\/uploads\/2025\/10\/corporate-2.png 1394w, https:\/\/je-mm.eu\/wp-content\/uploads\/2025\/10\/corporate-2-300x129.png 300w, https:\/\/je-mm.eu\/wp-content\/uploads\/2025\/10\/corporate-2-1024x440.png 1024w, https:\/\/je-mm.eu\/wp-content\/uploads\/2025\/10\/corporate-2-768x330.png 768w, https:\/\/je-mm.eu\/wp-content\/uploads\/2025\/10\/corporate-2-18x8.png 18w\" sizes=\"(max-width: 1394px) 100vw, 1394px\" \/>\t\t\t\t\t\t\t\t\t\t\t\t\t\t\t<\/div>\n\t\t\t\t<\/div>\n\t\t<div class=\"elementor-element elementor-element-5c7b259b e-con-full e-flex rt-default-class e-con e-parent\" data-id=\"5c7b259b\" data-element_type=\"container\">\n\t\t\t\t<div class=\"elementor-element elementor-element-6755773e rt-default-class elementor-widget elementor-widget-image\" data-id=\"6755773e\" data-element_type=\"widget\" data-widget_type=\"image.default\">\n\t\t\t\t\t\t\t\t\t\t\t\t\t\t\t<img decoding=\"async\" width=\"300\" height=\"53\" src=\"https:\/\/je-mm.eu\/wp-content\/uploads\/2025\/08\/logo-3x-engineering.png\" class=\"attachment-full size-full wp-image-10997\" alt=\"logo 3x engineering\" srcset=\"https:\/\/je-mm.eu\/wp-content\/uploads\/2025\/08\/logo-3x-engineering.png 300w, https:\/\/je-mm.eu\/wp-content\/uploads\/2025\/08\/logo-3x-engineering-18x3.png 18w\" sizes=\"(max-width: 300px) 100vw, 300px\" \/>\t\t\t\t\t\t\t\t\t\t\t\t\t\t\t<\/div>\n\t\t\t\t<\/div>\n\t\t<div class=\"elementor-element elementor-element-4f99158 e-con-full e-flex rt-default-class e-con e-parent\" data-id=\"4f99158\" data-element_type=\"container\">\n\t\t<div class=\"elementor-element elementor-element-22c31934 e-con-full e-flex rt-default-class e-con e-child\" data-id=\"22c31934\" data-element_type=\"container\">\n\t\t\t\t<div class=\"elementor-element elementor-element-3a1f54b2 rt-default-class elementor-widget elementor-widget-heading\" data-id=\"3a1f54b2\" data-element_type=\"widget\" data-widget_type=\"heading.default\">\n\t\t\t\t\t<h4 class=\"elementor-heading-title elementor-size-default\">Pionnier de la r\u00e9paration des pipelines en mat\u00e9riaux composites, de bout en bout, depuis 1990<\/h4>\t\t\t\t<\/div>\n\t\t\t\t<div class=\"elementor-element elementor-element-438abf0d rt-default-class elementor-widget elementor-widget-text-editor\" data-id=\"438abf0d\" data-element_type=\"widget\" data-widget_type=\"text-editor.default\">\n\t\t\t\t\t\t\t\t\t<p>Fond\u00e9e en 1990 et bas\u00e9e \u00e0 Monaco, 3X ENGINEERING est un pionnier de la r\u00e9paration de pipelines \u00e0 base de mat\u00e9riaux composites, fournissant des solutions de bout en bout - de la conception et de la fabrication au d\u00e9ploiement sur site - pour le secteur du p\u00e9trole et du gaz, avec une expertise suppl\u00e9mentaire pour les centrales \u00e9lectriques et le secteur de la construction.<br \/>Op\u00e9rant sur terre et en mer\/sous-marine \u00e0 travers un r\u00e9seau mondial de plus de 60 partenaires, la soci\u00e9t\u00e9 combine une ing\u00e9nierie \u00e9prouv\u00e9e avec une ex\u00e9cution pr\u00eate pour le terrain afin de restaurer l'int\u00e9grit\u00e9, de prolonger la dur\u00e9e de vie des actifs et de minimiser les temps d'arr\u00eat. En 2024, 3X ENGINEERING a rejoint le groupe Ekoscan Integrity, renfor\u00e7ant encore les capacit\u00e9s d'innovation et l'assurance qualit\u00e9 sur l'ensemble des projets.<\/p>\t\t\t\t\t\t\t\t<\/div>\n\t\t\t\t<div class=\"elementor-element elementor-element-c52c2fc rt-default-class elementor-widget elementor-widget-heading\" data-id=\"c52c2fc\" data-element_type=\"widget\" data-widget_type=\"heading.default\">\n\t\t\t\t\t<h4 class=\"elementor-heading-title elementor-size-default\">Port\u00e9e mondiale, ex\u00e9cution locale<\/h4>\t\t\t\t<\/div>\n\t\t\t\t<div class=\"elementor-element elementor-element-96e0501 rt-default-class elementor-widget elementor-widget-text-editor\" data-id=\"96e0501\" data-element_type=\"widget\" data-widget_type=\"text-editor.default\">\n\t\t\t\t\t\t\t\t\t<p>Capacit\u00e9 onshore et offshore\/subsea fournie par plus de 60 partenaires pour une mobilisation rapide n'importe o\u00f9.<\/p>\t\t\t\t\t\t\t\t<\/div>\n\t\t\t\t<div class=\"elementor-element elementor-element-84b5286 rt-default-class elementor-widget elementor-widget-heading\" data-id=\"84b5286\" data-element_type=\"widget\" data-widget_type=\"heading.default\">\n\t\t\t\t\t<h4 class=\"elementor-heading-title elementor-size-default\">Soutenu par Ekoscan Integrity Group (depuis 2024)<\/h4>\t\t\t\t<\/div>\n\t\t\t\t<div class=\"elementor-element elementor-element-fb7410e rt-default-class elementor-widget elementor-widget-text-editor\" data-id=\"fb7410e\" data-element_type=\"widget\" data-widget_type=\"text-editor.default\">\n\t\t\t\t\t\t\t\t\t<p>Am\u00e9lioration de la R&amp;D, des syst\u00e8mes de qualit\u00e9 et de l'\u00e9chelle - tout en pr\u00e9servant l'agilit\u00e9 sur laquelle les clients comptent.<\/p>\t\t\t\t\t\t\t\t<\/div>\n\t\t\t\t<div class=\"elementor-element elementor-element-fd526f0 rt-default-class elementor-widget elementor-widget-heading\" data-id=\"fd526f0\" data-element_type=\"widget\" data-widget_type=\"heading.default\">\n\t\t\t\t\t<h4 class=\"elementor-heading-title elementor-size-default\">Points forts<\/h4>\t\t\t\t<\/div>\n\t\t\t\t<div class=\"elementor-element elementor-element-53545de elementor-icon-list--layout-traditional elementor-list-item-link-full_width rt-default-class elementor-widget elementor-widget-icon-list\" data-id=\"53545de\" data-element_type=\"widget\" data-widget_type=\"icon-list.default\">\n\t\t\t\t\t\t\t<ul class=\"elementor-icon-list-items\">\n\t\t\t\t\t\t\t<li class=\"elementor-icon-list-item\">\n\t\t\t\t\t\t\t\t\t\t\t<span class=\"elementor-icon-list-icon\">\n\t\t\t\t\t\t\t<svg aria-hidden=\"true\" class=\"e-font-icon-svg e-far-check-circle\" viewbox=\"0 0 512 512\" xmlns=\"http:\/\/www.w3.org\/2000\/svg\"><path d=\"M256 8C119.033 8 8 119.033 8 256s111.033 248 248 248 248-111.033 248-248S392.967 8 256 8zm0 48c110.532 0 200 89.451 200 200 0 110.532-89.451 200-200 200-110.532 0-200-89.451-200-200 0-110.532 89.451-200 200-200m140.204 130.267l-22.536-22.718c-4.667-4.705-12.265-4.736-16.97-.068L215.346 303.697l-59.792-60.277c-4.667-4.705-12.265-4.736-16.97-.069l-22.719 22.536c-4.705 4.667-4.736 12.265-.068 16.971l90.781 91.516c4.667 4.705 12.265 4.736 16.97.068l172.589-171.204c4.704-4.668 4.734-12.266.067-16.971z\"><\/path><\/svg>\t\t\t\t\t\t<\/span>\n\t\t\t\t\t\t\t\t\t\t<span class=\"elementor-icon-list-text\">Expertise en mati\u00e8re de r\u00e9paration de mat\u00e9riaux composites couvrant l'ensemble de la cha\u00eene de valeur : <br>conception \u2192 fabrication \u2192 d\u00e9ploiement<\/span>\n\t\t\t\t\t\t\t\t\t<\/li>\n\t\t\t\t\t\t\t\t<li class=\"elementor-icon-list-item\">\n\t\t\t\t\t\t\t\t\t\t\t<span class=\"elementor-icon-list-icon\">\n\t\t\t\t\t\t\t<svg aria-hidden=\"true\" class=\"e-font-icon-svg e-far-check-circle\" viewbox=\"0 0 512 512\" xmlns=\"http:\/\/www.w3.org\/2000\/svg\"><path d=\"M256 8C119.033 8 8 119.033 8 256s111.033 248 248 248 248-111.033 248-248S392.967 8 256 8zm0 48c110.532 0 200 89.451 200 200 0 110.532-89.451 200-200 200-110.532 0-200-89.451-200-200 0-110.532 89.451-200 200-200m140.204 130.267l-22.536-22.718c-4.667-4.705-12.265-4.736-16.97-.068L215.346 303.697l-59.792-60.277c-4.667-4.705-12.265-4.736-16.97-.069l-22.719 22.536c-4.705 4.667-4.736 12.265-.068 16.971l90.781 91.516c4.667 4.705 12.265 4.736 16.97.068l172.589-171.204c4.704-4.668 4.734-12.266.067-16.971z\"><\/path><\/svg>\t\t\t\t\t\t<\/span>\n\t\t\t\t\t\t\t\t\t\t<span class=\"elementor-icon-list-text\">\u00c9prouv\u00e9 dans le secteur du p\u00e9trole et du gaz, avec des applications intersectorielles dans les centrales \u00e9lectriques et le secteur de la construction.<\/span>\n\t\t\t\t\t\t\t\t\t<\/li>\n\t\t\t\t\t\t\t\t<li class=\"elementor-icon-list-item\">\n\t\t\t\t\t\t\t\t\t\t\t<span class=\"elementor-icon-list-icon\">\n\t\t\t\t\t\t\t<svg aria-hidden=\"true\" class=\"e-font-icon-svg e-far-check-circle\" viewbox=\"0 0 512 512\" xmlns=\"http:\/\/www.w3.org\/2000\/svg\"><path d=\"M256 8C119.033 8 8 119.033 8 256s111.033 248 248 248 248-111.033 248-248S392.967 8 256 8zm0 48c110.532 0 200 89.451 200 200 0 110.532-89.451 200-200 200-110.532 0-200-89.451-200-200 0-110.532 89.451-200 200-200m140.204 130.267l-22.536-22.718c-4.667-4.705-12.265-4.736-16.97-.068L215.346 303.697l-59.792-60.277c-4.667-4.705-12.265-4.736-16.97-.069l-22.719 22.536c-4.705 4.667-4.736 12.265-.068 16.971l90.781 91.516c4.667 4.705 12.265 4.736 16.97.068l172.589-171.204c4.704-4.668 4.734-12.266.067-16.971z\"><\/path><\/svg>\t\t\t\t\t\t<\/span>\n\t\t\t\t\t\t\t\t\t\t<span class=\"elementor-icon-list-text\">Le si\u00e8ge de Monaco avec une couverture mondiale pour des interventions rapides et conformes aux normes<\/span>\n\t\t\t\t\t\t\t\t\t<\/li>\n\t\t\t\t\t\t<\/ul>\n\t\t\t\t\t\t<\/div>\n\t\t\t\t<div class=\"elementor-element elementor-element-2519342 rt-default-class elementor-widget elementor-widget-spacer\" data-id=\"2519342\" data-element_type=\"widget\" data-widget_type=\"spacer.default\">\n\t\t\t\t\t\t\t<div class=\"elementor-spacer\">\n\t\t\t<div class=\"elementor-spacer-inner\"><\/div>\n\t\t<\/div>\n\t\t\t\t\t\t<\/div>\n\t\t\t\t<div class=\"elementor-element elementor-element-19a6965 elementor-widget__width-initial elementor-widget-mobile__width-initial rt-default-class elementor-widget elementor-widget-react-button\" data-id=\"19a6965\" data-element_type=\"widget\" data-widget_type=\"react-button.default\">\n\t\t\t\t<div class=\"elementor-widget-container\">\n\t\t\t\t\t\t\r\n\t\t\t\t\t<div class=\"react-button primary_btn\">\r\n\t\t\t\t\t\t\t\t<a class=\"react_button\" href=\"https:\/\/3xeng.com\/fr\/accueil\/\" target=\"_blank\">\t\t\t\t\r\n\t\t\t\t\r\n\t\t\t\t   \t\r\n\r\n\t\t\t\t<span class=\"btn_text\">Visiter le site web<\/span>\r\n\r\n\t\t\t\t\t\t\t\t\t\t\t\t\t\t\t\r\n\t\t\t\t\t\t\t\t\t<\/a>\r\n\t\t\t<\/div>\r\n\t\t\r\n\t\t\t\t\t<\/div>\n\t\t\t\t<\/div>\n\t\t\t\t<\/div>\n\t\t<div class=\"elementor-element elementor-element-3608256 e-con-full e-flex rt-default-class e-con e-child\" data-id=\"3608256\" data-element_type=\"container\">\n\t\t\t\t<div class=\"elementor-element elementor-element-9b7eab9 elementor-arrows-position-inside rt-default-class elementor-widget elementor-widget-image-carousel\" data-id=\"9b7eab9\" data-element_type=\"widget\" data-settings=\"{&quot;slides_to_show&quot;:&quot;1&quot;,&quot;navigation&quot;:&quot;arrows&quot;,&quot;autoplay_speed&quot;:3000,&quot;effect&quot;:&quot;fade&quot;,&quot;autoplay&quot;:&quot;yes&quot;,&quot;pause_on_hover&quot;:&quot;yes&quot;,&quot;pause_on_interaction&quot;:&quot;yes&quot;,&quot;infinite&quot;:&quot;yes&quot;,&quot;speed&quot;:500}\" data-widget_type=\"image-carousel.default\">\n\t\t\t\t\t\t\t<div class=\"elementor-image-carousel-wrapper swiper\" role=\"region\" aria-roledescription=\"carousel\" aria-label=\"Carrousel d&#039;images\" dir=\"ltr\">\n\t\t\t<div class=\"elementor-image-carousel swiper-wrapper swiper-image-stretch\" aria-live=\"off\">\n\t\t\t\t\t\t\t\t<div class=\"swiper-slide\" role=\"group\" aria-roledescription=\"slide\" aria-label=\"1 sur 9\" data-no-translation-aria-label=\"\"><a data-elementor-open-lightbox=\"yes\" data-elementor-lightbox-slideshow=\"9b7eab9\" data-elementor-lightbox-title=\"corporate (8)\" data-e-action-hash=\"#elementor-action%3Aaction%3Dlightbox%26settings%3DeyJpZCI6MTE0MTUsInVybCI6Imh0dHBzOlwvXC9qZS1tbS5ldVwvd3AtY29udGVudFwvdXBsb2Fkc1wvMjAyNVwvMTBcL2NvcnBvcmF0ZS04LmpwZyIsInNsaWRlc2hvdyI6IjliN2VhYjkifQ%3D%3D\" href=\"https:\/\/je-mm.eu\/wp-content\/uploads\/2025\/10\/corporate-8.jpg\"><figure class=\"swiper-slide-inner\"><img decoding=\"async\" class=\"swiper-slide-image\" src=\"https:\/\/je-mm.eu\/wp-content\/uploads\/2025\/10\/corporate-8-540x620.jpg\" alt=\"entreprises (8)\" \/><\/figure><\/a><\/div><div class=\"swiper-slide\" role=\"group\" aria-roledescription=\"slide\" aria-label=\"2 sur 9\" data-no-translation-aria-label=\"\"><a data-elementor-open-lightbox=\"yes\" data-elementor-lightbox-slideshow=\"9b7eab9\" data-elementor-lightbox-title=\"r4d picture\" data-e-action-hash=\"#elementor-action%3Aaction%3Dlightbox%26settings%3DeyJpZCI6MTIxMTgsInVybCI6Imh0dHBzOlwvXC9qZS1tbS5ldVwvd3AtY29udGVudFwvdXBsb2Fkc1wvMjAyNVwvMTBcL3I0ZC1waWN0dXJlLmpwZyIsInNsaWRlc2hvdyI6IjliN2VhYjkifQ%3D%3D\" href=\"https:\/\/je-mm.eu\/wp-content\/uploads\/2025\/10\/r4d-picture.jpg\"><figure class=\"swiper-slide-inner\"><img decoding=\"async\" class=\"swiper-slide-image\" src=\"https:\/\/je-mm.eu\/wp-content\/uploads\/2025\/10\/r4d-picture-540x620.jpg\" alt=\"r4d image\" \/><\/figure><\/a><\/div><div class=\"swiper-slide\" role=\"group\" aria-roledescription=\"slide\" aria-label=\"3 sur 9\" data-no-translation-aria-label=\"\"><a data-elementor-open-lightbox=\"yes\" data-elementor-lightbox-slideshow=\"9b7eab9\" data-elementor-lightbox-title=\"r4d picture 1\" data-e-action-hash=\"#elementor-action%3Aaction%3Dlightbox%26settings%3DeyJpZCI6MTIxMTksInVybCI6Imh0dHBzOlwvXC9qZS1tbS5ldVwvd3AtY29udGVudFwvdXBsb2Fkc1wvMjAyNVwvMTBcL3I0ZC1waWN0dXJlLTEuanBnIiwic2xpZGVzaG93IjoiOWI3ZWFiOSJ9\" href=\"https:\/\/je-mm.eu\/wp-content\/uploads\/2025\/10\/r4d-picture-1.jpg\"><figure class=\"swiper-slide-inner\"><img decoding=\"async\" class=\"swiper-slide-image\" src=\"https:\/\/je-mm.eu\/wp-content\/uploads\/2025\/10\/r4d-picture-1-540x620.jpg\" alt=\"r4d image 1\" \/><\/figure><\/a><\/div><div class=\"swiper-slide\" role=\"group\" aria-roledescription=\"slide\" aria-label=\"4 sur 9\" data-no-translation-aria-label=\"\"><a data-elementor-open-lightbox=\"yes\" data-elementor-lightbox-slideshow=\"9b7eab9\" data-elementor-lightbox-title=\"our corrosion protection and structural partners 3x 06.jpg\" data-e-action-hash=\"#elementor-action%3Aaction%3Dlightbox%26settings%3DeyJpZCI6MTE1ODUsInVybCI6Imh0dHBzOlwvXC9qZS1tbS5ldVwvd3AtY29udGVudFwvdXBsb2Fkc1wvMjAyNVwvMTBcL291ci1jb3Jyb3Npb24tcHJvdGVjdGlvbi1hbmQtc3RydWN0dXJhbC1wYXJ0bmVycy0zeC0wNi5qcGcuanBnIiwic2xpZGVzaG93IjoiOWI3ZWFiOSJ9\" href=\"https:\/\/je-mm.eu\/wp-content\/uploads\/2025\/10\/our-corrosion-protection-and-structural-partners-3x-06.jpg.jpg\"><figure class=\"swiper-slide-inner\"><img decoding=\"async\" class=\"swiper-slide-image\" src=\"https:\/\/je-mm.eu\/wp-content\/uploads\/2025\/10\/our-corrosion-protection-and-structural-partners-3x-06.jpg-540x620.jpg\" alt=\"nos partenaires en mati\u00e8re de protection contre la corrosion et de structures 3x 06.jpg\" \/><\/figure><\/a><\/div><div class=\"swiper-slide\" role=\"group\" aria-roledescription=\"slide\" aria-label=\"5 sur 9\" data-no-translation-aria-label=\"\"><a data-elementor-open-lightbox=\"yes\" data-elementor-lightbox-slideshow=\"9b7eab9\" data-elementor-lightbox-title=\"our corrosion protection and structural partners 3x 01.jpg\" data-e-action-hash=\"#elementor-action%3Aaction%3Dlightbox%26settings%3DeyJpZCI6MTE1ODAsInVybCI6Imh0dHBzOlwvXC9qZS1tbS5ldVwvd3AtY29udGVudFwvdXBsb2Fkc1wvMjAyNVwvMTBcL291ci1jb3Jyb3Npb24tcHJvdGVjdGlvbi1hbmQtc3RydWN0dXJhbC1wYXJ0bmVycy0zeC0wMS5qcGcuanBnIiwic2xpZGVzaG93IjoiOWI3ZWFiOSJ9\" href=\"https:\/\/je-mm.eu\/wp-content\/uploads\/2025\/10\/our-corrosion-protection-and-structural-partners-3x-01.jpg.jpg\"><figure class=\"swiper-slide-inner\"><img decoding=\"async\" class=\"swiper-slide-image\" src=\"https:\/\/je-mm.eu\/wp-content\/uploads\/2025\/10\/our-corrosion-protection-and-structural-partners-3x-01.jpg-540x620.jpg\" alt=\"nos partenaires pour la protection contre la corrosion et les structures 3x 01.jpg\" \/><\/figure><\/a><\/div><div class=\"swiper-slide\" role=\"group\" aria-roledescription=\"slide\" aria-label=\"6 sur 9\" data-no-translation-aria-label=\"\"><a data-elementor-open-lightbox=\"yes\" data-elementor-lightbox-slideshow=\"9b7eab9\" data-elementor-lightbox-title=\"our corrosion protection and structural partners 3x 04.jpg\" data-e-action-hash=\"#elementor-action%3Aaction%3Dlightbox%26settings%3DeyJpZCI6MTE1ODMsInVybCI6Imh0dHBzOlwvXC9qZS1tbS5ldVwvd3AtY29udGVudFwvdXBsb2Fkc1wvMjAyNVwvMTBcL291ci1jb3Jyb3Npb24tcHJvdGVjdGlvbi1hbmQtc3RydWN0dXJhbC1wYXJ0bmVycy0zeC0wNC5qcGctc2NhbGVkLmpwZyIsInNsaWRlc2hvdyI6IjliN2VhYjkifQ%3D%3D\" href=\"https:\/\/je-mm.eu\/wp-content\/uploads\/2025\/10\/our-corrosion-protection-and-structural-partners-3x-04.jpg-scaled.jpg\"><figure class=\"swiper-slide-inner\"><img decoding=\"async\" class=\"swiper-slide-image\" src=\"https:\/\/je-mm.eu\/wp-content\/uploads\/2025\/10\/our-corrosion-protection-and-structural-partners-3x-04.jpg-540x620.jpg\" alt=\"nos partenaires pour la protection contre la corrosion et les structures 3x 04.jpg\" \/><\/figure><\/a><\/div><div class=\"swiper-slide\" role=\"group\" aria-roledescription=\"slide\" aria-label=\"7 sur 9\" data-no-translation-aria-label=\"\"><a data-elementor-open-lightbox=\"yes\" data-elementor-lightbox-slideshow=\"9b7eab9\" data-elementor-lightbox-title=\"our corrosion protection and structural partners 3x 07.jpg\" data-e-action-hash=\"#elementor-action%3Aaction%3Dlightbox%26settings%3DeyJpZCI6MTE1ODYsInVybCI6Imh0dHBzOlwvXC9qZS1tbS5ldVwvd3AtY29udGVudFwvdXBsb2Fkc1wvMjAyNVwvMTBcL291ci1jb3Jyb3Npb24tcHJvdGVjdGlvbi1hbmQtc3RydWN0dXJhbC1wYXJ0bmVycy0zeC0wNy5qcGcuanBnIiwic2xpZGVzaG93IjoiOWI3ZWFiOSJ9\" href=\"https:\/\/je-mm.eu\/wp-content\/uploads\/2025\/10\/our-corrosion-protection-and-structural-partners-3x-07.jpg.jpg\"><figure class=\"swiper-slide-inner\"><img decoding=\"async\" class=\"swiper-slide-image\" src=\"https:\/\/je-mm.eu\/wp-content\/uploads\/2025\/10\/our-corrosion-protection-and-structural-partners-3x-07.jpg-540x620.jpg\" alt=\"nos partenaires pour la protection contre la corrosion et les structures 3x 07.jpg\" \/><\/figure><\/a><\/div><div class=\"swiper-slide\" role=\"group\" aria-roledescription=\"slide\" aria-label=\"8 sur 9\" data-no-translation-aria-label=\"\"><a data-elementor-open-lightbox=\"yes\" data-elementor-lightbox-slideshow=\"9b7eab9\" data-elementor-lightbox-title=\"our corrosion protection and structural partners 3x 08.jpg\" data-e-action-hash=\"#elementor-action%3Aaction%3Dlightbox%26settings%3DeyJpZCI6MTE1ODcsInVybCI6Imh0dHBzOlwvXC9qZS1tbS5ldVwvd3AtY29udGVudFwvdXBsb2Fkc1wvMjAyNVwvMTBcL291ci1jb3Jyb3Npb24tcHJvdGVjdGlvbi1hbmQtc3RydWN0dXJhbC1wYXJ0bmVycy0zeC0wOC5qcGcuanBnIiwic2xpZGVzaG93IjoiOWI3ZWFiOSJ9\" href=\"https:\/\/je-mm.eu\/wp-content\/uploads\/2025\/10\/our-corrosion-protection-and-structural-partners-3x-08.jpg.jpg\"><figure class=\"swiper-slide-inner\"><img decoding=\"async\" class=\"swiper-slide-image\" src=\"https:\/\/je-mm.eu\/wp-content\/uploads\/2025\/10\/our-corrosion-protection-and-structural-partners-3x-08.jpg-540x620.jpg\" alt=\"nos partenaires en mati\u00e8re de protection contre la corrosion et de structures 3x 08.jpg\" \/><\/figure><\/a><\/div><div class=\"swiper-slide\" role=\"group\" aria-roledescription=\"slide\" aria-label=\"9 sur 9\" data-no-translation-aria-label=\"\"><a data-elementor-open-lightbox=\"yes\" data-elementor-lightbox-slideshow=\"9b7eab9\" data-elementor-lightbox-title=\"corporate (4)\" data-e-action-hash=\"#elementor-action%3Aaction%3Dlightbox%26settings%3DeyJpZCI6MTE0MTQsInVybCI6Imh0dHBzOlwvXC9qZS1tbS5ldVwvd3AtY29udGVudFwvdXBsb2Fkc1wvMjAyNVwvMTBcL2NvcnBvcmF0ZS00LXNjYWxlZC5qcGciLCJzbGlkZXNob3ciOiI5YjdlYWI5In0%3D\" href=\"https:\/\/je-mm.eu\/wp-content\/uploads\/2025\/10\/corporate-4-scaled.jpg\"><figure class=\"swiper-slide-inner\"><img decoding=\"async\" class=\"swiper-slide-image\" src=\"https:\/\/je-mm.eu\/wp-content\/uploads\/2025\/10\/corporate-4-540x620.jpg\" alt=\"entreprises (4)\" \/><\/figure><\/a><\/div>\t\t\t<\/div>\n\t\t\t\t\t\t\t\t\t\t\t\t<div class=\"elementor-swiper-button elementor-swiper-button-prev\" role=\"button\" tabindex=\"0\">\n\t\t\t\t\t\t<svg aria-hidden=\"true\" class=\"e-font-icon-svg e-eicon-chevron-left\" viewbox=\"0 0 1000 1000\" xmlns=\"http:\/\/www.w3.org\/2000\/svg\"><path d=\"M646 125C629 125 613 133 604 142L308 442C296 454 292 471 292 487 292 504 296 521 308 533L604 854C617 867 629 875 646 875 663 875 679 871 692 858 704 846 713 829 713 812 713 796 708 779 692 767L438 487 692 225C700 217 708 204 708 187 708 171 704 154 692 142 675 129 663 125 646 125Z\"><\/path><\/svg>\t\t\t\t\t<\/div>\n\t\t\t\t\t<div class=\"elementor-swiper-button elementor-swiper-button-next\" role=\"button\" tabindex=\"0\">\n\t\t\t\t\t\t<svg aria-hidden=\"true\" class=\"e-font-icon-svg e-eicon-chevron-right\" viewbox=\"0 0 1000 1000\" xmlns=\"http:\/\/www.w3.org\/2000\/svg\"><path d=\"M696 533C708 521 713 504 713 487 713 471 708 454 696 446L400 146C388 133 375 125 354 125 338 125 325 129 313 142 300 154 292 171 292 187 292 204 296 221 308 233L563 492 304 771C292 783 288 800 288 817 288 833 296 850 308 863 321 871 338 875 354 875 371 875 388 867 400 854L696 533Z\"><\/path><\/svg>\t\t\t\t\t<\/div>\n\t\t\t\t\n\t\t\t\t\t\t\t\t\t<\/div>\n\t\t\t\t\t\t<\/div>\n\t\t\t\t<\/div>\n\t\t\t\t<\/div>\n\t\t\t\t<\/div>","protected":false},"excerpt":{"rendered":"<p>3 X Engineering Subtitle Pioneering Composite Pipeline Repair, End-to-End Since 1990 Founded in 1990 and headquartered in Monaco, 3X ENGINEERING is a pioneer in compositebased pipeline repair, delivering end-to-end solutions\u2014from design and manufacturing to on-site deployment\u2014for the Oil &amp; Gas sector, with additional expertise for Power Plants and Construction.Operating onshore and offshore\/subsea through a global&#8230;<\/p>","protected":false},"author":1,"featured_media":11368,"parent":10828,"menu_order":2,"comment_status":"closed","ping_status":"closed","template":"","meta":{"_seopress_robots_primary_cat":"","_seopress_titles_title":"","_seopress_titles_desc":"","_seopress_robots_index":"","footnotes":""},"class_list":["post-11227","page","type-page","status-publish","has-post-thumbnail","hentry"],"_links":{"self":[{"href":"https:\/\/je-mm.eu\/fr\/wp-json\/wp\/v2\/pages\/11227","targetHints":{"allow":["GET"]}}],"collection":[{"href":"https:\/\/je-mm.eu\/fr\/wp-json\/wp\/v2\/pages"}],"about":[{"href":"https:\/\/je-mm.eu\/fr\/wp-json\/wp\/v2\/types\/page"}],"author":[{"embeddable":true,"href":"https:\/\/je-mm.eu\/fr\/wp-json\/wp\/v2\/users\/1"}],"replies":[{"embeddable":true,"href":"https:\/\/je-mm.eu\/fr\/wp-json\/wp\/v2\/comments?post=11227"}],"version-history":[{"count":81,"href":"https:\/\/je-mm.eu\/fr\/wp-json\/wp\/v2\/pages\/11227\/revisions"}],"predecessor-version":[{"id":12424,"href":"https:\/\/je-mm.eu\/fr\/wp-json\/wp\/v2\/pages\/11227\/revisions\/12424"}],"up":[{"embeddable":true,"href":"https:\/\/je-mm.eu\/fr\/wp-json\/wp\/v2\/pages\/10828"}],"wp:featuredmedia":[{"embeddable":true,"href":"https:\/\/je-mm.eu\/fr\/wp-json\/wp\/v2\/media\/11368"}],"wp:attachment":[{"href":"https:\/\/je-mm.eu\/fr\/wp-json\/wp\/v2\/media?parent=11227"}],"curies":[{"name":"wp","href":"https:\/\/api.w.org\/{rel}","templated":true}]}}