{"id":11208,"date":"2025-09-03T17:17:09","date_gmt":"2025-09-03T15:17:09","guid":{"rendered":"https:\/\/je-mm.eu\/?page_id=11208"},"modified":"2025-11-17T11:39:06","modified_gmt":"2025-11-17T10:39:06","slug":"guardian-coating-services","status":"publish","type":"page","link":"https:\/\/je-mm.eu\/fr\/jemms-partners\/guardian-coating-services\/","title":{"rendered":"Guardian Corrosion Integrity"},"content":{"rendered":"<div data-elementor-type=\"wp-page\" data-elementor-id=\"11208\" class=\"elementor elementor-11208\">\n\t\t\t\t<div class=\"elementor-element elementor-element-a07e4df e-flex e-con-boxed rt-default-class e-con e-parent\" data-id=\"a07e4df\" data-element_type=\"container\">\n\t\t\t\t\t<div class=\"e-con-inner\">\n\t\t\t\t<div class=\"elementor-element elementor-element-129ba74 rt-default-class elementor-widget elementor-widget-heading\" data-id=\"129ba74\" data-element_type=\"widget\" data-widget_type=\"heading.default\">\n\t\t\t\t\t<h1 class=\"elementor-heading-title elementor-size-default\">Guardian Corrosion Integrity<\/h1>\t\t\t\t<\/div>\n\t\t\t\t\t<\/div>\n\t\t\t\t<\/div>\n\t\t<div class=\"elementor-element elementor-element-d07207a elementor-hidden-desktop elementor-hidden-tablet elementor-hidden-mobile e-flex e-con-boxed rt-default-class e-con e-parent\" data-id=\"d07207a\" data-element_type=\"container\">\n\t\t\t\t\t<div class=\"e-con-inner\">\n\t\t\t\t<div class=\"elementor-element elementor-element-3ff73c1 rt-default-class elementor-widget elementor-widget-heading\" data-id=\"3ff73c1\" data-element_type=\"widget\" data-widget_type=\"heading.default\">\n\t\t\t\t\t<h2 class=\"elementor-heading-title elementor-size-default\">Sous-titre<\/h2>\t\t\t\t<\/div>\n\t\t\t\t\t<\/div>\n\t\t\t\t<\/div>\n\t\t<div class=\"elementor-element elementor-element-6f702b6 e-con-full e-flex rt-default-class e-con e-parent\" data-id=\"6f702b6\" data-element_type=\"container\">\n\t\t\t\t<div class=\"elementor-element elementor-element-2c072b6 rt-default-class elementor-widget elementor-widget-image\" data-id=\"2c072b6\" data-element_type=\"widget\" data-widget_type=\"image.default\">\n\t\t\t\t\t\t\t\t\t\t\t\t\t\t\t<img decoding=\"async\" src=\"https:\/\/je-mm.eu\/wp-content\/uploads\/elementor\/thumbs\/jemm-huge-pipeline-rdyvz0gqfenkxl6pqd2nh750fwuf7o1bi7cuut3izq.jpg\" title=\"jemm \u00e9norme pipeline\" alt=\"jemm \u00e9norme pipeline\" loading=\"lazy\" \/>\t\t\t\t\t\t\t\t\t\t\t\t\t\t\t<\/div>\n\t\t\t\t<\/div>\n\t\t<div class=\"elementor-element elementor-element-520f91f e-con-full e-flex rt-default-class e-con e-parent\" data-id=\"520f91f\" data-element_type=\"container\">\n\t\t\t\t<div class=\"elementor-element elementor-element-33da5a7 rt-default-class elementor-widget elementor-widget-image\" data-id=\"33da5a7\" data-element_type=\"widget\" data-widget_type=\"image.default\">\n\t\t\t\t\t\t\t\t\t\t\t\t\t\t\t<img decoding=\"async\" src=\"https:\/\/je-mm.eu\/wp-content\/uploads\/elementor\/thumbs\/logo-guardian-scaled-ra7dww0imrr3a0nys2ycm69vx2u8e553s4elt1gbz2.png\" title=\"logo gardien\" alt=\"logo gardien\" loading=\"lazy\" \/>\t\t\t\t\t\t\t\t\t\t\t\t\t\t\t<\/div>\n\t\t\t\t<\/div>\n\t\t<div class=\"elementor-element elementor-element-7a3409a e-con-full e-flex rt-default-class e-con e-parent\" data-id=\"7a3409a\" data-element_type=\"container\">\n\t\t<div class=\"elementor-element elementor-element-4a8d66e e-con-full e-flex rt-default-class e-con e-child\" data-id=\"4a8d66e\" data-element_type=\"container\">\n\t\t\t\t<div class=\"elementor-element elementor-element-d445ce3 rt-default-class elementor-widget elementor-widget-heading\" data-id=\"d445ce3\" data-element_type=\"widget\" data-widget_type=\"heading.default\">\n\t\t\t\t\t<h4 class=\"elementor-heading-title elementor-size-default\">Protection anticorrosion innovante de bout en bout pour les biens critiques<\/h4>\t\t\t\t<\/div>\n\t\t\t\t<div class=\"elementor-element elementor-element-155791d rt-default-class elementor-widget elementor-widget-text-editor\" data-id=\"155791d\" data-element_type=\"widget\" data-widget_type=\"text-editor.default\">\n\t\t\t\t\t\t\t\t\t<p>Guardian Coating Services, un fabricant bas\u00e9 en Tha\u00eflande, fournit des solutions innovantes de protection contre la corrosion qui prolongent la dur\u00e9e de vie et les performances des actifs critiques. Au service des infrastructures marines et des installations offshore, ainsi que des pipelines, du raffinage, du traitement des minerais, de la construction et des secteurs plus larges de l'ing\u00e9nierie, l'entreprise associe des technologies de rev\u00eatement \u00e9prouv\u00e9es \u00e0 des conseils d'experts et \u00e0 une assistance sur le terrain pour aider les propri\u00e9taires, les consultants et les entrepreneurs \u00e0 r\u00e9duire les co\u00fbts du cycle de vie, \u00e0 am\u00e9liorer la fiabilit\u00e9 et \u00e0 ex\u00e9cuter des projets en toute confiance.<\/p>\t\t\t\t\t\t\t\t<\/div>\n\t\t\t\t<div class=\"elementor-element elementor-element-6d92a9a elementor-hidden-tablet rt-default-class elementor-widget elementor-widget-heading\" data-id=\"6d92a9a\" data-element_type=\"widget\" data-widget_type=\"heading.default\">\n\t\t\t\t\t<h4 class=\"elementor-heading-title elementor-size-default\">Industries et applications<\/h4>\t\t\t\t<\/div>\n\t\t\t\t<div class=\"elementor-element elementor-element-79e1e71 elementor-hidden-tablet rt-default-class elementor-widget elementor-widget-text-editor\" data-id=\"79e1e71\" data-element_type=\"widget\" data-widget_type=\"text-editor.default\">\n\t\t\t\t\t\t\t\t\t<p>Marine, offshore, pipelines, raffinage, traitement des minerais, construction et autres environnements d'ing\u00e9nierie n\u00e9cessitant des syst\u00e8mes de rev\u00eatement durables.<\/p>\t\t\t\t\t\t\t\t<\/div>\n\t\t\t\t<div class=\"elementor-element elementor-element-8871598 elementor-hidden-tablet rt-default-class elementor-widget elementor-widget-heading\" data-id=\"8871598\" data-element_type=\"widget\" data-widget_type=\"heading.default\">\n\t\t\t\t\t<h4 class=\"elementor-heading-title elementor-size-default\">Soutien de bout en bout<\/h4>\t\t\t\t<\/div>\n\t\t\t\t<div class=\"elementor-element elementor-element-4c4ab76 rt-default-class elementor-widget elementor-widget-text-editor\" data-id=\"4c4ab76\" data-element_type=\"widget\" data-widget_type=\"text-editor.default\">\n\t\t\t\t\t\t\t\t\t<p>Depuis les sp\u00e9cifications et la s\u00e9lection des syst\u00e8mes jusqu'\u00e0 la formation \u00e0 l'installation, les proc\u00e9dures d'inspection et la gestion de projets cl\u00e9s en main.<\/p>\t\t\t\t\t\t\t\t<\/div>\n\t\t\t\t<div class=\"elementor-element elementor-element-663255f elementor-hidden-tablet rt-default-class elementor-widget elementor-widget-heading\" data-id=\"663255f\" data-element_type=\"widget\" data-widget_type=\"heading.default\">\n\t\t\t\t\t<h4 class=\"elementor-heading-title elementor-size-default\">Points forts<\/h4>\t\t\t\t<\/div>\n\t\t\t\t<div class=\"elementor-element elementor-element-3392dd3 elementor-hidden-tablet elementor-icon-list--layout-traditional elementor-list-item-link-full_width rt-default-class elementor-widget elementor-widget-icon-list\" data-id=\"3392dd3\" data-element_type=\"widget\" data-widget_type=\"icon-list.default\">\n\t\t\t\t\t\t\t<ul class=\"elementor-icon-list-items\">\n\t\t\t\t\t\t\t<li class=\"elementor-icon-list-item\">\n\t\t\t\t\t\t\t\t\t\t\t<span class=\"elementor-icon-list-icon\">\n\t\t\t\t\t\t\t<svg aria-hidden=\"true\" class=\"e-font-icon-svg e-far-check-circle\" viewbox=\"0 0 512 512\" xmlns=\"http:\/\/www.w3.org\/2000\/svg\"><path d=\"M256 8C119.033 8 8 119.033 8 256s111.033 248 248 248 248-111.033 248-248S392.967 8 256 8zm0 48c110.532 0 200 89.451 200 200 0 110.532-89.451 200-200 200-110.532 0-200-89.451-200-200 0-110.532 89.451-200 200-200m140.204 130.267l-22.536-22.718c-4.667-4.705-12.265-4.736-16.97-.068L215.346 303.697l-59.792-60.277c-4.667-4.705-12.265-4.736-16.97-.069l-22.719 22.536c-4.705 4.667-4.736 12.265-.068 16.971l90.781 91.516c4.667 4.705 12.265 4.736 16.97.068l172.589-171.204c4.704-4.668 4.734-12.266.067-16.971z\"><\/path><\/svg>\t\t\t\t\t\t<\/span>\n\t\t\t\t\t\t\t\t\t\t<span class=\"elementor-icon-list-text\">Une valeur \u00e0 vie pour les propri\u00e9taires d'actifs : des syst\u00e8mes de rev\u00eatement durables qui prolongent la dur\u00e9e de vie des actifs et r\u00e9duisent le co\u00fbt total de possession<\/span>\n\t\t\t\t\t\t\t\t\t<\/li>\n\t\t\t\t\t\t\t\t<li class=\"elementor-icon-list-item\">\n\t\t\t\t\t\t\t\t\t\t\t<span class=\"elementor-icon-list-icon\">\n\t\t\t\t\t\t\t<svg aria-hidden=\"true\" class=\"e-font-icon-svg e-far-check-circle\" viewbox=\"0 0 512 512\" xmlns=\"http:\/\/www.w3.org\/2000\/svg\"><path d=\"M256 8C119.033 8 8 119.033 8 256s111.033 248 248 248 248-111.033 248-248S392.967 8 256 8zm0 48c110.532 0 200 89.451 200 200 0 110.532-89.451 200-200 200-110.532 0-200-89.451-200-200 0-110.532 89.451-200 200-200m140.204 130.267l-22.536-22.718c-4.667-4.705-12.265-4.736-16.97-.068L215.346 303.697l-59.792-60.277c-4.667-4.705-12.265-4.736-16.97-.069l-22.719 22.536c-4.705 4.667-4.736 12.265-.068 16.971l90.781 91.516c4.667 4.705 12.265 4.736 16.97.068l172.589-171.204c4.704-4.668 4.734-12.266.067-16.971z\"><\/path><\/svg>\t\t\t\t\t\t<\/span>\n\t\t\t\t\t\t\t\t\t\t<span class=\"elementor-icon-list-text\">Soutien d'experts pour les consultants : conseils professionnels en mati\u00e8re de conception et s\u00e9lection pr\u00e9cise des syst\u00e8mes de rev\u00eatement<\/span>\n\t\t\t\t\t\t\t\t\t<\/li>\n\t\t\t\t\t\t\t\t<li class=\"elementor-icon-list-item\">\n\t\t\t\t\t\t\t\t\t\t\t<span class=\"elementor-icon-list-icon\">\n\t\t\t\t\t\t\t<svg aria-hidden=\"true\" class=\"e-font-icon-svg e-far-check-circle\" viewbox=\"0 0 512 512\" xmlns=\"http:\/\/www.w3.org\/2000\/svg\"><path d=\"M256 8C119.033 8 8 119.033 8 256s111.033 248 248 248 248-111.033 248-248S392.967 8 256 8zm0 48c110.532 0 200 89.451 200 200 0 110.532-89.451 200-200 200-110.532 0-200-89.451-200-200 0-110.532 89.451-200 200-200m140.204 130.267l-22.536-22.718c-4.667-4.705-12.265-4.736-16.97-.068L215.346 303.697l-59.792-60.277c-4.667-4.705-12.265-4.736-16.97-.069l-22.719 22.536c-4.705 4.667-4.736 12.265-.068 16.971l90.781 91.516c4.667 4.705 12.265 4.736 16.97.068l172.589-171.204c4.704-4.668 4.734-12.266.067-16.971z\"><\/path><\/svg>\t\t\t\t\t\t<\/span>\n\t\t\t\t\t\t\t\t\t\t<span class=\"elementor-icon-list-text\">Aide cl\u00e9 en main pour les entrepreneurs : formation \u00e0 l'installation, proc\u00e9dures d'inspection et gestion de projet (services cl\u00e9s en main disponibles)<\/span>\n\t\t\t\t\t\t\t\t\t<\/li>\n\t\t\t\t\t\t<\/ul>\n\t\t\t\t\t\t<\/div>\n\t\t\t\t<div class=\"elementor-element elementor-element-a6a9130 elementor-hidden-tablet rt-default-class elementor-widget elementor-widget-spacer\" data-id=\"a6a9130\" data-element_type=\"widget\" data-widget_type=\"spacer.default\">\n\t\t\t\t\t\t\t<div class=\"elementor-spacer\">\n\t\t\t<div class=\"elementor-spacer-inner\"><\/div>\n\t\t<\/div>\n\t\t\t\t\t\t<\/div>\n\t\t\t\t<div class=\"elementor-element elementor-element-01c7423 elementor-widget__width-initial elementor-widget-mobile__width-initial elementor-hidden-tablet rt-default-class elementor-widget elementor-widget-react-button\" data-id=\"01c7423\" data-element_type=\"widget\" data-widget_type=\"react-button.default\">\n\t\t\t\t<div class=\"elementor-widget-container\">\n\t\t\t\t\t\t\r\n\t\t\t\t\t<div class=\"react-button primary_btn\">\r\n\t\t\t\t\t\t\t\t<a class=\"react_button\" href=\"https:\/\/www.guardian-integrity.com\/\" target=\"_blank\">\t\t\t\t\r\n\t\t\t\t\r\n\t\t\t\t   \t\r\n\r\n\t\t\t\t<span class=\"btn_text\">Visiter le site web<\/span>\r\n\r\n\t\t\t\t\t\t\t\t\t\t\t\t\t\t\t\r\n\t\t\t\t\t\t\t\t\t<\/a>\r\n\t\t\t<\/div>\r\n\t\t\r\n\t\t\t\t\t<\/div>\n\t\t\t\t<\/div>\n\t\t\t\t<\/div>\n\t\t<div class=\"elementor-element elementor-element-01b9826 e-con-full e-flex rt-default-class e-con e-child\" data-id=\"01b9826\" data-element_type=\"container\">\n\t\t<div class=\"elementor-element elementor-element-568dd03 e-con-full e-flex rt-default-class e-con e-child\" data-id=\"568dd03\" data-element_type=\"container\">\n\t\t\t\t<div class=\"elementor-element elementor-element-0d72f20 rt-default-class elementor-widget elementor-widget-image\" data-id=\"0d72f20\" data-element_type=\"widget\" data-widget_type=\"image.default\">\n\t\t\t\t\t\t\t\t\t\t\t\t\t\t\t\t<a href=\"https:\/\/je-mm.eu\/wp-content\/uploads\/2025\/10\/innovative-corrosion-protection-and-technologies-07.jpg\" data-elementor-open-lightbox=\"yes\" data-elementor-lightbox-title=\"innovative corrosion protection and technologies 07\" data-e-action-hash=\"#elementor-action%3Aaction%3Dlightbox%26settings%3DeyJpZCI6MTIxNDQsInVybCI6Imh0dHBzOlwvXC9qZS1tbS5ldVwvd3AtY29udGVudFwvdXBsb2Fkc1wvMjAyNVwvMTBcL2lubm92YXRpdmUtY29ycm9zaW9uLXByb3RlY3Rpb24tYW5kLXRlY2hub2xvZ2llcy0wNy5qcGcifQ%3D%3D\">\n\t\t\t\t\t\t\t<img fetchpriority=\"high\" decoding=\"async\" width=\"450\" height=\"600\" src=\"https:\/\/je-mm.eu\/wp-content\/uploads\/2025\/10\/innovative-corrosion-protection-and-technologies-07.jpg\" class=\"attachment-large size-large wp-image-12144\" alt=\"protection contre la corrosion et technologies innovantes 07\" srcset=\"https:\/\/je-mm.eu\/wp-content\/uploads\/2025\/10\/innovative-corrosion-protection-and-technologies-07.jpg 450w, https:\/\/je-mm.eu\/wp-content\/uploads\/2025\/10\/innovative-corrosion-protection-and-technologies-07-225x300.jpg 225w, https:\/\/je-mm.eu\/wp-content\/uploads\/2025\/10\/innovative-corrosion-protection-and-technologies-07-9x12.jpg 9w\" sizes=\"(max-width: 450px) 100vw, 450px\" \/>\t\t\t\t\t\t\t\t<\/a>\n\t\t\t\t\t\t\t\t\t\t\t\t\t\t\t<\/div>\n\t\t\t\t<\/div>\n\t\t\t\t<\/div>\n\t\t\t\t<\/div>\n\t\t<div class=\"elementor-element elementor-element-1d6bdf8 e-con-full elementor-hidden-desktop elementor-hidden-mobile e-flex rt-default-class e-con e-parent\" data-id=\"1d6bdf8\" data-element_type=\"container\">\n\t\t<div class=\"elementor-element elementor-element-0e66c16 e-con-full e-flex rt-default-class e-con e-child\" data-id=\"0e66c16\" data-element_type=\"container\">\n\t\t\t\t<div class=\"elementor-element elementor-element-fe13961 rt-default-class elementor-widget elementor-widget-heading\" data-id=\"fe13961\" data-element_type=\"widget\" data-widget_type=\"heading.default\">\n\t\t\t\t\t<h4 class=\"elementor-heading-title elementor-size-default\">Industries et applications<\/h4>\t\t\t\t<\/div>\n\t\t\t\t<div class=\"elementor-element elementor-element-bdb7525 rt-default-class elementor-widget elementor-widget-text-editor\" data-id=\"bdb7525\" data-element_type=\"widget\" data-widget_type=\"text-editor.default\">\n\t\t\t\t\t\t\t\t\t<p>Marine, offshore, pipelines, raffinage, traitement des minerais, construction et autres environnements d'ing\u00e9nierie n\u00e9cessitant des syst\u00e8mes de rev\u00eatement durables.<\/p>\t\t\t\t\t\t\t\t<\/div>\n\t\t\t\t<div class=\"elementor-element elementor-element-b3b7b59 rt-default-class elementor-widget elementor-widget-heading\" data-id=\"b3b7b59\" data-element_type=\"widget\" data-widget_type=\"heading.default\">\n\t\t\t\t\t<h4 class=\"elementor-heading-title elementor-size-default\">Soutien de bout en bout<\/h4>\t\t\t\t<\/div>\n\t\t\t\t<div class=\"elementor-element elementor-element-5f222cb rt-default-class elementor-widget elementor-widget-text-editor\" data-id=\"5f222cb\" data-element_type=\"widget\" data-widget_type=\"text-editor.default\">\n\t\t\t\t\t\t\t\t\t<p>Depuis les sp\u00e9cifications et la s\u00e9lection des syst\u00e8mes jusqu'\u00e0 la formation \u00e0 l'installation, les proc\u00e9dures d'inspection et la gestion de projets cl\u00e9s en main.<\/p>\t\t\t\t\t\t\t\t<\/div>\n\t\t\t\t<div class=\"elementor-element elementor-element-58cd836 rt-default-class elementor-widget elementor-widget-heading\" data-id=\"58cd836\" data-element_type=\"widget\" data-widget_type=\"heading.default\">\n\t\t\t\t\t<h4 class=\"elementor-heading-title elementor-size-default\">Points forts<\/h4>\t\t\t\t<\/div>\n\t\t\t\t<div class=\"elementor-element elementor-element-5759d14 elementor-icon-list--layout-traditional elementor-list-item-link-full_width rt-default-class elementor-widget elementor-widget-icon-list\" data-id=\"5759d14\" data-element_type=\"widget\" data-widget_type=\"icon-list.default\">\n\t\t\t\t\t\t\t<ul class=\"elementor-icon-list-items\">\n\t\t\t\t\t\t\t<li class=\"elementor-icon-list-item\">\n\t\t\t\t\t\t\t\t\t\t\t<span class=\"elementor-icon-list-icon\">\n\t\t\t\t\t\t\t<svg aria-hidden=\"true\" class=\"e-font-icon-svg e-far-check-circle\" viewbox=\"0 0 512 512\" xmlns=\"http:\/\/www.w3.org\/2000\/svg\"><path d=\"M256 8C119.033 8 8 119.033 8 256s111.033 248 248 248 248-111.033 248-248S392.967 8 256 8zm0 48c110.532 0 200 89.451 200 200 0 110.532-89.451 200-200 200-110.532 0-200-89.451-200-200 0-110.532 89.451-200 200-200m140.204 130.267l-22.536-22.718c-4.667-4.705-12.265-4.736-16.97-.068L215.346 303.697l-59.792-60.277c-4.667-4.705-12.265-4.736-16.97-.069l-22.719 22.536c-4.705 4.667-4.736 12.265-.068 16.971l90.781 91.516c4.667 4.705 12.265 4.736 16.97.068l172.589-171.204c4.704-4.668 4.734-12.266.067-16.971z\"><\/path><\/svg>\t\t\t\t\t\t<\/span>\n\t\t\t\t\t\t\t\t\t\t<span class=\"elementor-icon-list-text\">Une valeur \u00e0 vie pour les propri\u00e9taires d'actifs : des syst\u00e8mes de rev\u00eatement durables qui prolongent la dur\u00e9e de vie des actifs et r\u00e9duisent le co\u00fbt total de possession<\/span>\n\t\t\t\t\t\t\t\t\t<\/li>\n\t\t\t\t\t\t\t\t<li class=\"elementor-icon-list-item\">\n\t\t\t\t\t\t\t\t\t\t\t<span class=\"elementor-icon-list-icon\">\n\t\t\t\t\t\t\t<svg aria-hidden=\"true\" class=\"e-font-icon-svg e-far-check-circle\" viewbox=\"0 0 512 512\" xmlns=\"http:\/\/www.w3.org\/2000\/svg\"><path d=\"M256 8C119.033 8 8 119.033 8 256s111.033 248 248 248 248-111.033 248-248S392.967 8 256 8zm0 48c110.532 0 200 89.451 200 200 0 110.532-89.451 200-200 200-110.532 0-200-89.451-200-200 0-110.532 89.451-200 200-200m140.204 130.267l-22.536-22.718c-4.667-4.705-12.265-4.736-16.97-.068L215.346 303.697l-59.792-60.277c-4.667-4.705-12.265-4.736-16.97-.069l-22.719 22.536c-4.705 4.667-4.736 12.265-.068 16.971l90.781 91.516c4.667 4.705 12.265 4.736 16.97.068l172.589-171.204c4.704-4.668 4.734-12.266.067-16.971z\"><\/path><\/svg>\t\t\t\t\t\t<\/span>\n\t\t\t\t\t\t\t\t\t\t<span class=\"elementor-icon-list-text\">Soutien d'experts pour les consultants : conseils professionnels en mati\u00e8re de conception et s\u00e9lection pr\u00e9cise des syst\u00e8mes de rev\u00eatement<\/span>\n\t\t\t\t\t\t\t\t\t<\/li>\n\t\t\t\t\t\t\t\t<li class=\"elementor-icon-list-item\">\n\t\t\t\t\t\t\t\t\t\t\t<span class=\"elementor-icon-list-icon\">\n\t\t\t\t\t\t\t<svg aria-hidden=\"true\" class=\"e-font-icon-svg e-far-check-circle\" viewbox=\"0 0 512 512\" xmlns=\"http:\/\/www.w3.org\/2000\/svg\"><path d=\"M256 8C119.033 8 8 119.033 8 256s111.033 248 248 248 248-111.033 248-248S392.967 8 256 8zm0 48c110.532 0 200 89.451 200 200 0 110.532-89.451 200-200 200-110.532 0-200-89.451-200-200 0-110.532 89.451-200 200-200m140.204 130.267l-22.536-22.718c-4.667-4.705-12.265-4.736-16.97-.068L215.346 303.697l-59.792-60.277c-4.667-4.705-12.265-4.736-16.97-.069l-22.719 22.536c-4.705 4.667-4.736 12.265-.068 16.971l90.781 91.516c4.667 4.705 12.265 4.736 16.97.068l172.589-171.204c4.704-4.668 4.734-12.266.067-16.971z\"><\/path><\/svg>\t\t\t\t\t\t<\/span>\n\t\t\t\t\t\t\t\t\t\t<span class=\"elementor-icon-list-text\">Aide cl\u00e9 en main pour les entrepreneurs : formation \u00e0 l'installation, proc\u00e9dures d'inspection et gestion de projet (services cl\u00e9s en main disponibles)<\/span>\n\t\t\t\t\t\t\t\t\t<\/li>\n\t\t\t\t\t\t<\/ul>\n\t\t\t\t\t\t<\/div>\n\t\t\t\t<div class=\"elementor-element elementor-element-ba85de6 rt-default-class elementor-widget elementor-widget-spacer\" data-id=\"ba85de6\" data-element_type=\"widget\" data-widget_type=\"spacer.default\">\n\t\t\t\t\t\t\t<div class=\"elementor-spacer\">\n\t\t\t<div class=\"elementor-spacer-inner\"><\/div>\n\t\t<\/div>\n\t\t\t\t\t\t<\/div>\n\t\t\t\t<div class=\"elementor-element elementor-element-427bcc7 elementor-widget__width-initial elementor-widget-mobile__width-initial rt-default-class elementor-widget elementor-widget-react-button\" data-id=\"427bcc7\" data-element_type=\"widget\" data-widget_type=\"react-button.default\">\n\t\t\t\t<div class=\"elementor-widget-container\">\n\t\t\t\t\t\t\r\n\t\t\t\t\t<div class=\"react-button primary_btn\">\r\n\t\t\t\t\t\t\t\t<a class=\"react_button\" href=\"https:\/\/www.guardian-integrity.com\/\" target=\"_blank\">\t\t\t\t\r\n\t\t\t\t\r\n\t\t\t\t   \t\r\n\r\n\t\t\t\t<span class=\"btn_text\">Visiter le site web<\/span>\r\n\r\n\t\t\t\t\t\t\t\t\t\t\t\t\t\t\t\r\n\t\t\t\t\t\t\t\t\t<\/a>\r\n\t\t\t<\/div>\r\n\t\t\r\n\t\t\t\t\t<\/div>\n\t\t\t\t<\/div>\n\t\t\t\t<\/div>\n\t\t\t\t<\/div>\n\t\t\t\t<\/div>","protected":false},"excerpt":{"rendered":"<p>Guardian Corrosion Integrity Subtitle Innovative, End-to-End Corrosion Protection for Critical Assets Guardian Coating Services, a Thailand-based manufacturer, delivers innovative corrosion protection solutions that extend the life and performance of critical assets. Serving marine infrastructure and offshore facilities as well as pipelines, refining, mineral processing, construction, and broader engineering sectors, the company combines proven coating technologies&#8230;<\/p>","protected":false},"author":1,"featured_media":0,"parent":10828,"menu_order":1,"comment_status":"closed","ping_status":"closed","template":"","meta":{"_seopress_robots_primary_cat":"","_seopress_titles_title":"","_seopress_titles_desc":"","_seopress_robots_index":"","footnotes":""},"class_list":["post-11208","page","type-page","status-publish","hentry"],"_links":{"self":[{"href":"https:\/\/je-mm.eu\/fr\/wp-json\/wp\/v2\/pages\/11208","targetHints":{"allow":["GET"]}}],"collection":[{"href":"https:\/\/je-mm.eu\/fr\/wp-json\/wp\/v2\/pages"}],"about":[{"href":"https:\/\/je-mm.eu\/fr\/wp-json\/wp\/v2\/types\/page"}],"author":[{"embeddable":true,"href":"https:\/\/je-mm.eu\/fr\/wp-json\/wp\/v2\/users\/1"}],"replies":[{"embeddable":true,"href":"https:\/\/je-mm.eu\/fr\/wp-json\/wp\/v2\/comments?post=11208"}],"version-history":[{"count":98,"href":"https:\/\/je-mm.eu\/fr\/wp-json\/wp\/v2\/pages\/11208\/revisions"}],"predecessor-version":[{"id":12502,"href":"https:\/\/je-mm.eu\/fr\/wp-json\/wp\/v2\/pages\/11208\/revisions\/12502"}],"up":[{"embeddable":true,"href":"https:\/\/je-mm.eu\/fr\/wp-json\/wp\/v2\/pages\/10828"}],"wp:attachment":[{"href":"https:\/\/je-mm.eu\/fr\/wp-json\/wp\/v2\/media?parent=11208"}],"curies":[{"name":"wp","href":"https:\/\/api.w.org\/{rel}","templated":true}]}}